{"id":27,"date":"2016-01-16T04:28:35","date_gmt":"2016-01-16T04:28:35","guid":{"rendered":"http:\/\/uneteoregon.org\/?page_id=27"},"modified":"2025-10-20T12:20:10","modified_gmt":"2025-10-20T19:20:10","slug":"contact-us","status":"publish","type":"page","link":"https:\/\/uneteoregon.org\/es\/contact-us\/","title":{"rendered":"Cont\u00e1ctenos"},"content":{"rendered":"<p><strong>Tel\u00e9fono de la oficina:<\/strong><a href=\"tel:5412451625\">(541)-245-1625.<\/a><strong>Oficina principal: 607 W Main St. Medford, OR 97501. Direcci\u00f3n postal: PO Box 143 Medford, OR 97501. <strong> <strong>N\u00famero de fax:<\/strong> <a href=\"tel:5414990942\">541-499-0942.<\/a> <strong>Correo electr\u00f3nico:<\/strong> <\/strong><\/strong><a href=\"mailto:in**@*********on.org\" data-original-string=\"1NnN6PtvwWuNyUR9vlQ07A==8c9fHbwdpg6ZLlxHqaaOJuH8kxuT+cIgioLuUOyfLl3eo5FomQHQso4g0UETuF\/OgAa\" title=\"This contact has been encoded by Anti-Spam by CleanTalk. Click to decode. To finish the decoding make sure that JavaScript is enabled in your browser.?Subject=Contact%20Form\"><strong><span \n                data-original-string='5qwWKsg3gbkEozFfndruQA==8c95E+dshWjSYWfhXOerh\/o9+NQwsviqHJEEkr2Pt7wMQ0='\n                class='apbct-email-encoder'\n                title='Este contacto ha sido codificado por Anti-Spam de CleanTalk. Haga clic para decodificar. Para finalizar la decodificaci\u00f3n, aseg\u00farese de que JavaScript est\u00e9 habilitado en su navegador.'>en<span class=\"apbct-blur\">**<\/span>@<span class=\"apbct-blur\">*********<\/span>on.org<\/span>.<\/strong><\/a><\/p>","protected":false},"excerpt":{"rendered":"<p>Tel\u00e9fono de la oficina: (541)-245-1625. Oficina principal: 607 W Main St. Medford, OR 97501. Direcci\u00f3n postal: Apartado postal 143 [\u2026]<\/p>","protected":false},"author":2,"featured_media":1793,"parent":0,"menu_order":0,"comment_status":"closed","ping_status":"closed","template":"","meta":{"_exactmetrics_skip_tracking":false,"_exactmetrics_sitenote_active":false,"_exactmetrics_sitenote_note":"","_exactmetrics_sitenote_category":0,"footnotes":""},"class_list":["post-27","page","type-page","status-publish","has-post-thumbnail","hentry"],"jetpack_sharing_enabled":true,"_links":{"self":[{"href":"https:\/\/uneteoregon.org\/es\/wp-json\/wp\/v2\/pages\/27","targetHints":{"allow":["GET"]}}],"collection":[{"href":"https:\/\/uneteoregon.org\/es\/wp-json\/wp\/v2\/pages"}],"about":[{"href":"https:\/\/uneteoregon.org\/es\/wp-json\/wp\/v2\/types\/page"}],"author":[{"embeddable":true,"href":"https:\/\/uneteoregon.org\/es\/wp-json\/wp\/v2\/users\/2"}],"replies":[{"embeddable":true,"href":"https:\/\/uneteoregon.org\/es\/wp-json\/wp\/v2\/comments?post=27"}],"version-history":[{"count":20,"href":"https:\/\/uneteoregon.org\/es\/wp-json\/wp\/v2\/pages\/27\/revisions"}],"predecessor-version":[{"id":2216,"href":"https:\/\/uneteoregon.org\/es\/wp-json\/wp\/v2\/pages\/27\/revisions\/2216"}],"wp:featuredmedia":[{"embeddable":true,"href":"https:\/\/uneteoregon.org\/es\/wp-json\/wp\/v2\/media\/1793"}],"wp:attachment":[{"href":"https:\/\/uneteoregon.org\/es\/wp-json\/wp\/v2\/media?parent=27"}],"curies":[{"name":"gracias","href":"https:\/\/api.w.org\/{rel}","templated":true}]}}