{"id":2110,"date":"2025-02-16T01:04:43","date_gmt":"2025-02-16T09:04:43","guid":{"rendered":"https:\/\/uneteoregon.org\/?page_id=2110"},"modified":"2025-02-19T20:14:22","modified_gmt":"2025-02-20T04:14:22","slug":"resources-for-immigrant-families","status":"publish","type":"page","link":"https:\/\/uneteoregon.org\/es\/resources-for-immigrant-families\/","title":{"rendered":"Recursos para familias inmigrantes Recursos para familias"},"content":{"rendered":"<div class=\"wp-block-group is-layout-constrained wp-container-core-group-is-layout-c9115f92 wp-block-group-is-layout-constrained\" style=\"padding-right:var(--wp--preset--spacing--20);padding-left:var(--wp--preset--spacing--20)\">\n<h2 class=\"wp-block-heading\">Conozca sus derechos   <\/h2>\n\n\n\n<figure class=\"wp-block-image size-large\"><img loading=\"lazy\" decoding=\"async\" width=\"791\" height=\"1024\" src=\"https:\/\/uneteoregon.org\/wp-content\/uploads\/2025\/02\/Conozca-sus-derechos-casa-4-791x1024.png\" alt=\"\" class=\"wp-image-2115\" srcset=\"https:\/\/uneteoregon.org\/wp-content\/uploads\/2025\/02\/Conozca-sus-derechos-casa-4-791x1024.png 791w, https:\/\/uneteoregon.org\/wp-content\/uploads\/2025\/02\/Conozca-sus-derechos-casa-4-232x300.png 232w, https:\/\/uneteoregon.org\/wp-content\/uploads\/2025\/02\/Conozca-sus-derechos-casa-4-768x994.png 768w, https:\/\/uneteoregon.org\/wp-content\/uploads\/2025\/02\/Conozca-sus-derechos-casa-4-1187x1536.png 1187w, https:\/\/uneteoregon.org\/wp-content\/uploads\/2025\/02\/Conozca-sus-derechos-casa-4-9x12.png 9w, https:\/\/uneteoregon.org\/wp-content\/uploads\/2025\/02\/Conozca-sus-derechos-casa-4-1320x1709.png 1320w, https:\/\/uneteoregon.org\/wp-content\/uploads\/2025\/02\/Conozca-sus-derechos-casa-4-600x777.png 600w, https:\/\/uneteoregon.org\/wp-content\/uploads\/2025\/02\/Conozca-sus-derechos-casa-4.png 1545w\" sizes=\"auto, (max-width: 791px) 100vw, 791px\" \/><\/figure>\n\n\n\n<figure class=\"wp-block-embed is-type-video is-provider-youtube wp-block-embed-youtube wp-embed-aspect-16-9 wp-has-aspect-ratio\"><div class=\"wp-block-embed__wrapper\">\n<iframe loading=\"lazy\" title=\"Conozca sus derechos y haga un plan de preparaci\u00f3n para su familia\" width=\"500\" height=\"281\" src=\"https:\/\/www.youtube.com\/embed\/Me0mjFNrdLg?feature=oembed\" frameborder=\"0\" allow=\"accelerometer; autoplay; clipboard-write; encrypted-media; gyroscope; picture-in-picture; web-share\" referrerpolicy=\"strict-origin-when-cross-origin\" allowfullscreen><\/iframe>\n<\/div><\/figure>\n\n\n\n<figure class=\"wp-block-embed is-type-video is-provider-youtube wp-block-embed-youtube wp-embed-aspect-16-9 wp-has-aspect-ratio\"><div class=\"wp-block-embed__wrapper\">\n<iframe loading=\"lazy\" title=\"Conozca sus derechos y preparaci\u00f3n familiar\" width=\"500\" height=\"281\" src=\"https:\/\/www.youtube.com\/embed\/VL310jPqWUs?feature=oembed\" frameborder=\"0\" allow=\"accelerometer; autoplay; clipboard-write; encrypted-media; gyroscope; picture-in-picture; web-share\" referrerpolicy=\"strict-origin-when-cross-origin\" allowfullscreen><\/iframe>\n<\/div><\/figure>\n\n\n\n<p class=\"has-medium-font-size\">Tarjetas rojas y llaveros PIRC gratis. Cont\u00e1ctanos en <a href=\"tel:5412451625\">541-245-1625<\/a><\/p>\n\n\n\n<p class=\"has-medium-font-size\">Tarjetas rojas y llaveros de PIRC gratis. Ll\u00e1menos a <a href=\"tel:5412451625\">541-245-1625<\/a><\/p>\n\n\n\n<figure class=\"wp-block-image size-large\"><img loading=\"lazy\" decoding=\"async\" width=\"1024\" height=\"321\" src=\"https:\/\/uneteoregon.org\/wp-content\/uploads\/2025\/02\/card-1024x321.jpg\" alt=\"\" class=\"wp-image-2161\" srcset=\"https:\/\/uneteoregon.org\/wp-content\/uploads\/2025\/02\/card-1024x321.jpg 1024w, https:\/\/uneteoregon.org\/wp-content\/uploads\/2025\/02\/card-300x94.jpg 300w, https:\/\/uneteoregon.org\/wp-content\/uploads\/2025\/02\/card-768x241.jpg 768w, https:\/\/uneteoregon.org\/wp-content\/uploads\/2025\/02\/card-1536x482.jpg 1536w, https:\/\/uneteoregon.org\/wp-content\/uploads\/2025\/02\/card-2048x643.jpg 2048w, https:\/\/uneteoregon.org\/wp-content\/uploads\/2025\/02\/card-18x6.jpg 18w, https:\/\/uneteoregon.org\/wp-content\/uploads\/2025\/02\/card-1320x414.jpg 1320w, https:\/\/uneteoregon.org\/wp-content\/uploads\/2025\/02\/card-600x188.jpg 600w\" sizes=\"auto, (max-width: 1024px) 100vw, 1024px\" \/><\/figure>\n\n\n\n<figure class=\"wp-block-image size-full\"><img decoding=\"async\" src=\"https:\/\/uneteoregon.org\/wp-content\/uploads\/2025\/02\/pirc.jpg\" alt=\"\" class=\"wp-image-2162\"\/><\/figure>\n\n\n\n\n\n<p class=\"has-foreground-color has-text-color has-link-color has-extra-large-font-size wp-elements-cd75f55d12e967a9bbbed5e535a0e32f\"><h2 class=\"has-foreground-color has-text-color has-link-color has-extra-large-font-size\"><strong>Protege a tu familia Protege a tu familia<\/strong> <\/h2><\/p>\n\n\n\n<p class=\"has-foreground-color has-text-color has-link-color has-large-font-size wp-elements-f9bf67978656aa18abf3be7c1a195e64\"><strong>Haga clic aqu\u00ed para aprender c\u00f3mo proteger a su familia. Haga clic aqu\u00ed para aprender c\u00f3mo proteger a su familia. <\/strong><\/p>\n\n\n<a href=\"https:\/\/uneteoregon.org\/wp-content\/uploads\/2025\/02\/PROTEJA-A-SU-FAMILIA_RGB.pdf\" class=\"pdfemb-viewer\" style=\"\" data-width=\"max\" data-height=\"max\" data-toolbar=\"bottom\" data-toolbar-fixed=\"off\">PROTECCI\u00d3N A SU FAMILIA_RGB<\/a>\n\n\n<div class=\"wp-block-buttons is-layout-flex wp-block-buttons-is-layout-flex\">\n<div class=\"wp-block-button\"><a class=\"wp-block-button__link wp-element-button\" href=\"https:\/\/drive.google.com\/file\/d\/1OZNOv9LqFjVh1jX-B6u1yobQ9vHa2LW_\/view\">Espa\u00f1ol\/Espa\u00f1ol<\/a><\/div>\n\n\n\n<div class=\"wp-block-button is-style-fill\"><a class=\"wp-block-button__link wp-element-button\" href=\"https:\/\/drive.google.com\/file\/d\/1vb81insA1tjJaay5W3F8OrdIiv6rvaJv\/view\">Ingl\u00e9s\/Espa\u00f1ol<\/a><\/div>\n<\/div>\n<\/div>\n\n\n\n<div class=\"wp-block-group is-layout-constrained wp-container-core-group-is-layout-c9115f92 wp-block-group-is-layout-constrained\" style=\"padding-right:var(--wp--preset--spacing--20);padding-left:var(--wp--preset--spacing--20)\">\n<h2 class=\"wp-block-heading\">Plan Familiar Plan Familiar<\/h2>\n\n\n<a href=\"https:\/\/uneteoregon.org\/wp-content\/uploads\/2025\/02\/Plan-Familiar-KYR-2025-_000127.pdf\" class=\"pdfemb-viewer\" style=\"\" data-width=\"max\" data-height=\"max\" data-toolbar=\"bottom\" data-toolbar-fixed=\"off\">Plan-Familiar-KYR-2025-_000127<\/a>\n\n\n<p class=\"has-medium-font-size\">Haga clic en el enlace a continuaci\u00f3n para ver una versi\u00f3n imprimible.<\/p>\n\n\n\n<p class=\"has-medium-font-size\">Haga clic abajo para imprimirlo.<\/p>\n\n\n\n<div class=\"wp-block-buttons is-layout-flex wp-block-buttons-is-layout-flex\">\n<div class=\"wp-block-button\"><a class=\"wp-block-button__link wp-element-button\" href=\"https:\/\/uneteoregon.org\/wp-content\/uploads\/2025\/02\/Plan-Familiar-KYR-2025-_000127.pdf\">Espa\u00f1ol<\/a><\/div>\n<\/div>\n<\/div>\n\n\n\n<div class=\"wp-block-group is-layout-constrained wp-container-core-group-is-layout-c9115f92 wp-block-group-is-layout-constrained\" style=\"padding-right:var(--wp--preset--spacing--20);padding-left:var(--wp--preset--spacing--20)\">\n<h2 class=\"wp-block-heading\">Informaci\u00f3n sobre Escuelas Seguras Informes sobre escuelas seguras <\/h2>\n\n\n\n<figure class=\"wp-block-image size-large\"><img loading=\"lazy\" decoding=\"async\" width=\"1024\" height=\"245\" src=\"https:\/\/uneteoregon.org\/wp-content\/uploads\/2025\/02\/image-3-1024x245.png\" alt=\"\" class=\"wp-image-2165\" srcset=\"https:\/\/uneteoregon.org\/wp-content\/uploads\/2025\/02\/image-3-1024x245.png 1024w, https:\/\/uneteoregon.org\/wp-content\/uploads\/2025\/02\/image-3-300x72.png 300w, https:\/\/uneteoregon.org\/wp-content\/uploads\/2025\/02\/image-3-768x184.png 768w, https:\/\/uneteoregon.org\/wp-content\/uploads\/2025\/02\/image-3-18x4.png 18w, https:\/\/uneteoregon.org\/wp-content\/uploads\/2025\/02\/image-3-600x144.png 600w, https:\/\/uneteoregon.org\/wp-content\/uploads\/2025\/02\/image-3.png 1073w\" sizes=\"auto, (max-width: 1024px) 100vw, 1024px\" \/><\/figure>\n\n\n\n<div class=\"wp-block-buttons is-layout-flex wp-block-buttons-is-layout-flex\">\n<div class=\"wp-block-button\"><a class=\"wp-block-button__link wp-element-button\" href=\"https:\/\/innovationlawlab.org\/resources\/safeguarding-oregon-schools-a-toolkit\/\">ingl\u00e9s<\/a><\/div>\n<\/div>\n<\/div>\n\n\n\n<div class=\"wp-block-group is-layout-constrained wp-container-core-group-is-layout-c9115f92 wp-block-group-is-layout-constrained\" style=\"padding-right:var(--wp--preset--spacing--20);padding-left:var(--wp--preset--spacing--20)\">\n<h2 class=\"wp-block-heading\">Para empleadores Para empleadores<\/h2>\n\n\n<a href=\"https:\/\/uneteoregon.org\/wp-content\/uploads\/2025\/02\/Employer-Guide-What-To-Do-If-Immigration-Comes-To-Your-Workplace.pdf\" class=\"pdfemb-viewer\" style=\"\" data-width=\"max\" data-height=\"max\" data-toolbar=\"bottom\" data-toolbar-fixed=\"off\">Gu\u00eda para empleadores: qu\u00e9 hacer si la inmigraci\u00f3n llega a su lugar de trabajo<\/a>\n\n<a href=\"https:\/\/uneteoregon.org\/wp-content\/uploads\/2025\/02\/Guia-Para-Empleadores-Que-Hacer-Si-Viene-Inmigracion-a-Su-Lugar-de-Trabajo.pdf\" class=\"pdfemb-viewer\" style=\"\" data-width=\"max\" data-height=\"max\" data-toolbar=\"bottom\" data-toolbar-fixed=\"off\">Guia-Para-Empleadores-Que-Hacer-Si-Viene-Inmigracion-a-Su-Lugar-de-Trabajo<\/a>\n\n\n<div class=\"wp-block-buttons is-layout-flex wp-block-buttons-is-layout-flex\">\n<div class=\"wp-block-button\"><a class=\"wp-block-button__link wp-element-button\" href=\"https:\/\/www.nilc.org\/wp-content\/uploads\/2017\/07\/EmployerGuide-NELP-NILC-2017-07-1.pdf\">Ingl\u00e9s\/Espa\u00f1ol<\/a><\/div>\n\n\n\n<div class=\"wp-block-button\"><a class=\"wp-block-button__link wp-element-button\" href=\"https:\/\/www.nilc.org\/wp-content\/uploads\/2017\/07\/EmployerGuide-NELP-NILC-2017-07-1.pdf\">Espa\u00f1ol\/Espa\u00f1ol<\/a><\/div>\n<\/div>\n<\/div>\n\n\n\n<h2 class=\"wp-block-heading\">Ejemplos de \u00f3rdenes judiciales\/cateo<\/h2>\n\n\n\n<figure class=\"wp-block-image size-full\"><img loading=\"lazy\" decoding=\"async\" width=\"906\" height=\"679\" src=\"https:\/\/uneteoregon.org\/wp-content\/uploads\/2025\/02\/image-5.png\" alt=\"\" class=\"wp-image-2169\" srcset=\"https:\/\/uneteoregon.org\/wp-content\/uploads\/2025\/02\/image-5.png 906w, https:\/\/uneteoregon.org\/wp-content\/uploads\/2025\/02\/image-5-300x225.png 300w, https:\/\/uneteoregon.org\/wp-content\/uploads\/2025\/02\/image-5-768x576.png 768w, https:\/\/uneteoregon.org\/wp-content\/uploads\/2025\/02\/image-5-16x12.png 16w, https:\/\/uneteoregon.org\/wp-content\/uploads\/2025\/02\/image-5-600x450.png 600w\" sizes=\"auto, (max-width: 906px) 100vw, 906px\" \/><\/figure>\n\n\n\n<figure class=\"wp-block-image size-full\"><img loading=\"lazy\" decoding=\"async\" width=\"896\" height=\"677\" src=\"https:\/\/uneteoregon.org\/wp-content\/uploads\/2025\/02\/image-4.png\" alt=\"\" class=\"wp-image-2170\" srcset=\"https:\/\/uneteoregon.org\/wp-content\/uploads\/2025\/02\/image-4.png 896w, https:\/\/uneteoregon.org\/wp-content\/uploads\/2025\/02\/image-4-300x227.png 300w, https:\/\/uneteoregon.org\/wp-content\/uploads\/2025\/02\/image-4-768x580.png 768w, https:\/\/uneteoregon.org\/wp-content\/uploads\/2025\/02\/image-4-16x12.png 16w, https:\/\/uneteoregon.org\/wp-content\/uploads\/2025\/02\/image-4-600x453.png 600w\" sizes=\"auto, (max-width: 896px) 100vw, 896px\" \/><\/figure>","protected":false},"excerpt":{"rendered":"<p>Conozca sus derechos. Tarjetas rojas y llaveros PIRC gratis. Cont\u00e1ctenos al 541-245-1625. Tarjetas rojas [\u2026]<\/p>","protected":false},"author":2,"featured_media":0,"parent":0,"menu_order":0,"comment_status":"closed","ping_status":"closed","template":"","meta":{"_exactmetrics_skip_tracking":false,"_exactmetrics_sitenote_active":false,"_exactmetrics_sitenote_note":"","_exactmetrics_sitenote_category":0,"footnotes":""},"class_list":["post-2110","page","type-page","status-publish","hentry"],"jetpack_sharing_enabled":true,"_links":{"self":[{"href":"https:\/\/uneteoregon.org\/es\/wp-json\/wp\/v2\/pages\/2110","targetHints":{"allow":["GET"]}}],"collection":[{"href":"https:\/\/uneteoregon.org\/es\/wp-json\/wp\/v2\/pages"}],"about":[{"href":"https:\/\/uneteoregon.org\/es\/wp-json\/wp\/v2\/types\/page"}],"author":[{"embeddable":true,"href":"https:\/\/uneteoregon.org\/es\/wp-json\/wp\/v2\/users\/2"}],"replies":[{"embeddable":true,"href":"https:\/\/uneteoregon.org\/es\/wp-json\/wp\/v2\/comments?post=2110"}],"version-history":[{"count":27,"href":"https:\/\/uneteoregon.org\/es\/wp-json\/wp\/v2\/pages\/2110\/revisions"}],"predecessor-version":[{"id":2174,"href":"https:\/\/uneteoregon.org\/es\/wp-json\/wp\/v2\/pages\/2110\/revisions\/2174"}],"wp:attachment":[{"href":"https:\/\/uneteoregon.org\/es\/wp-json\/wp\/v2\/media?parent=2110"}],"curies":[{"name":"gracias","href":"https:\/\/api.w.org\/{rel}","templated":true}]}}