{"id":2,"date":"2016-01-15T01:53:36","date_gmt":"2016-01-15T09:53:36","guid":{"rendered":"http:\/\/uneteoregon.org\/?page_id=2"},"modified":"2024-01-21T23:05:19","modified_gmt":"2024-01-22T07:05:19","slug":"about-us","status":"publish","type":"page","link":"https:\/\/uneteoregon.org\/es\/about-us\/","title":{"rendered":"Sobre nosotros"},"content":{"rendered":"<figure class=\"wp-block-image size-medium\"><img loading=\"lazy\" decoding=\"async\" width=\"300\" height=\"219\" src=\"https:\/\/uneteoregon.org\/wp-content\/uploads\/2017\/10\/unete-logo-4-300x219.png\" alt=\"\" class=\"wp-image-363\" srcset=\"https:\/\/uneteoregon.org\/wp-content\/uploads\/2017\/10\/unete-logo-4-300x219.png 300w, https:\/\/uneteoregon.org\/wp-content\/uploads\/2017\/10\/unete-logo-4.png 549w\" sizes=\"auto, (max-width: 300px) 100vw, 300px\" \/><\/figure>\n\n\n\n<p>NOWIA Unete, Center for Farm Worker Advocacy que comenz\u00f3 en 1996, es un movimiento de trabajadores agr\u00edcolas e inmigrantes que se esfuerza por empoderar y enriquecer las vidas de ambos grupos a trav\u00e9s de la educaci\u00f3n, presentaciones culturales, promoci\u00f3n, representaci\u00f3n en temas que afectan sus vidas y organizaci\u00f3n para defender los derechos de los inmigrantes. UNETE se form\u00f3 debido a la necesidad de representaci\u00f3n de los trabajadores agr\u00edcolas en acciones legislativas que los hubieran excluido de los requisitos estatales de salario m\u00ednimo y de su derecho a presentar quejas relacionadas con violaciones laborales. Los objetivos de Unete incluyen trabajar para:<\/p>\n\n\n\n<ol class=\"wp-block-list\">\n<li>Organizando a los trabajadores agr\u00edcolas y los inmigrantes latinos en Rogue Valley.<\/li>\n\n\n\n<li>Educar a los trabajadores agr\u00edcolas y los inmigrantes latinos para que se defiendan a s\u00ed mismos ofreciendo capacitaci\u00f3n en liderazgo y desarrollando capacidad de liderazgo.<\/li>\n\n\n\n<li>Construyendo un movimiento fuerte por los derechos de los inmigrantes.<\/li>\n\n\n\n<li>Construir el apoyo de la comunidad para los trabajadores agr\u00edcolas<br>y asuntos latinos.<\/li>\n\n\n\n<li>Desarrollar el aprecio y la comprensi\u00f3n de las culturas y tradiciones latinas e ind\u00edgenas estadounidenses.<\/li>\n<\/ol>\n\n\n\n<p>S\u00f3tano Unete de 607 W Main St Medford. O 97501<\/p>\n\n\n\n<p>Puede comunicarse con nuestro personal en <a href=\"tel:541-245-1625\">541-245-1625<\/a> o en <a href=\"mailto:in**@*********on.org\" data-original-string=\"VjdKTsDFJJTJsEXfKb2iVQ==8c9YtH2YjzhVThA8BK70kInIEtVCEtix8RmUT+SM3vQwYg=\" title=\"Este contacto ha sido codificado por Anti-Spam de CleanTalk. Haga clic para decodificar. Para finalizar la decodificaci\u00f3n, aseg\u00farese de que JavaScript est\u00e9 habilitado en su navegador.\"><span \n                data-original-string='\/6P1i\/6p0jLyXJSjGDt6rg==8c94pH+mTFiXD3Ziq0R20xDH+kPe4Q+XMvTETOcFla\/ULY='\n                class='apbct-email-encoder'\n                title='Este contacto ha sido codificado por Anti-Spam de CleanTalk. Haga clic para decodificar. Para finalizar la decodificaci\u00f3n, aseg\u00farese de que JavaScript est\u00e9 habilitado en su navegador.'>en<span class=\"apbct-blur\">**<\/span>@<span class=\"apbct-blur\">*********<\/span>on.org<\/span><\/a>.<\/p>\n\n\n\n<p>Personal de Unete<\/p>\n\n\n\n<figure class=\"wp-block-image aligncenter size-large\"><img loading=\"lazy\" decoding=\"async\" width=\"1024\" height=\"756\" src=\"https:\/\/uneteoregon.org\/wp-content\/uploads\/2022\/01\/IMG-2795-1024x756.jpg\" alt=\"\" class=\"wp-image-1276\" srcset=\"https:\/\/uneteoregon.org\/wp-content\/uploads\/2022\/01\/IMG-2795-1024x756.jpg 1024w, https:\/\/uneteoregon.org\/wp-content\/uploads\/2022\/01\/IMG-2795-scaled-600x443.jpg 600w, https:\/\/uneteoregon.org\/wp-content\/uploads\/2022\/01\/IMG-2795-300x221.jpg 300w, https:\/\/uneteoregon.org\/wp-content\/uploads\/2022\/01\/IMG-2795-768x567.jpg 768w, https:\/\/uneteoregon.org\/wp-content\/uploads\/2022\/01\/IMG-2795-1536x1134.jpg 1536w, https:\/\/uneteoregon.org\/wp-content\/uploads\/2022\/01\/IMG-2795-2048x1511.jpg 2048w, https:\/\/uneteoregon.org\/wp-content\/uploads\/2022\/01\/IMG-2795-16x12.jpg 16w\" sizes=\"auto, (max-width: 1024px) 100vw, 1024px\" \/><\/figure>\n\n\n\n<div class=\"wp-block-group is-nowrap is-layout-flex wp-container-core-group-is-layout-6c531013 wp-block-group-is-layout-flex\">\n<figure class=\"wp-block-image size-full is-resized\"><img loading=\"lazy\" decoding=\"async\" width=\"1170\" height=\"1371\" src=\"https:\/\/uneteoregon.org\/wp-content\/uploads\/2024\/01\/69867.jpg\" alt=\"\" class=\"wp-image-1990\" style=\"width:300px\" srcset=\"https:\/\/uneteoregon.org\/wp-content\/uploads\/2024\/01\/69867.jpg 1170w, https:\/\/uneteoregon.org\/wp-content\/uploads\/2024\/01\/69867-256x300.jpg 256w, https:\/\/uneteoregon.org\/wp-content\/uploads\/2024\/01\/69867-874x1024.jpg 874w, https:\/\/uneteoregon.org\/wp-content\/uploads\/2024\/01\/69867-768x900.jpg 768w, https:\/\/uneteoregon.org\/wp-content\/uploads\/2024\/01\/69867-10x12.jpg 10w, https:\/\/uneteoregon.org\/wp-content\/uploads\/2024\/01\/69867-600x703.jpg 600w\" sizes=\"auto, (max-width: 1170px) 100vw, 1170px\" \/><\/figure>\n\n\n\n<ul style=\"list-style-type:none;margin:none;padding:none;\">\n<li>Dagoberto Morales<\/li>\n<li>Director<\/li>\n<li><a href=\"mailto:da**@*********on.org\" data-original-string=\"l95mXZ4ySQcGkFAcn4KQdA==8c94qB\/rIfTzApv7a+RnK3GtnHmZngBl\/IL9kE8mHd30PA=\" title=\"Este contacto ha sido codificado por Anti-Spam de CleanTalk. Haga clic para decodificar. Para finalizar la decodificaci\u00f3n, aseg\u00farese de que JavaScript est\u00e9 habilitado en su navegador.\"><span \n                data-original-string='7iSWYVgmYGanlKC2rTRD5Q==8c9uDbn7lCLpCEgdx59eHVIl7MWA3H+4ykwSaTpMsfcEx4='\n                class='apbct-email-encoder'\n                title='Este contacto ha sido codificado por Anti-Spam de CleanTalk. Haga clic para decodificar. Para finalizar la decodificaci\u00f3n, aseg\u00farese de que JavaScript est\u00e9 habilitado en su navegador.'>da<span class=\"apbct-blur\">**<\/span>@<span class=\"apbct-blur\">*********<\/span>on.org<\/span><\/a><\/li>\n<li><a href=\"tel:5418409669\">541-840-9669<\/a><\/li>\n<\/ul>\n<\/div>","protected":false},"excerpt":{"rendered":"<p>NOWIA Unete, Center for Farm Worker Advocacy que comenz\u00f3 en 1996, es un movimiento de [\u2026]<\/p>","protected":false},"author":2,"featured_media":0,"parent":0,"menu_order":0,"comment_status":"closed","ping_status":"closed","template":"","meta":{"_exactmetrics_skip_tracking":false,"_exactmetrics_sitenote_active":false,"_exactmetrics_sitenote_note":"","_exactmetrics_sitenote_category":0,"footnotes":""},"class_list":["post-2","page","type-page","status-publish","hentry"],"jetpack_sharing_enabled":true,"_links":{"self":[{"href":"https:\/\/uneteoregon.org\/es\/wp-json\/wp\/v2\/pages\/2","targetHints":{"allow":["GET"]}}],"collection":[{"href":"https:\/\/uneteoregon.org\/es\/wp-json\/wp\/v2\/pages"}],"about":[{"href":"https:\/\/uneteoregon.org\/es\/wp-json\/wp\/v2\/types\/page"}],"author":[{"embeddable":true,"href":"https:\/\/uneteoregon.org\/es\/wp-json\/wp\/v2\/users\/2"}],"replies":[{"embeddable":true,"href":"https:\/\/uneteoregon.org\/es\/wp-json\/wp\/v2\/comments?post=2"}],"version-history":[{"count":21,"href":"https:\/\/uneteoregon.org\/es\/wp-json\/wp\/v2\/pages\/2\/revisions"}],"predecessor-version":[{"id":1997,"href":"https:\/\/uneteoregon.org\/es\/wp-json\/wp\/v2\/pages\/2\/revisions\/1997"}],"wp:attachment":[{"href":"https:\/\/uneteoregon.org\/es\/wp-json\/wp\/v2\/media?parent=2"}],"curies":[{"name":"gracias","href":"https:\/\/api.w.org\/{rel}","templated":true}]}}