{"id":1744,"date":"2023-01-14T09:29:38","date_gmt":"2023-01-14T17:29:38","guid":{"rendered":"https:\/\/uneteoregon.org\/?page_id=1744"},"modified":"2025-10-20T12:22:01","modified_gmt":"2025-10-20T19:22:01","slug":"unetes-dream-team","status":"publish","type":"page","link":"https:\/\/uneteoregon.org\/es\/unetes-dream-team\/","title":{"rendered":"Equipo DREAM de Unete!!"},"content":{"rendered":"<p class=\"has-big-font-size\"><strong>\u00a1Unete tiene un Equipo SUE\u00d1O! Todo nuestro personal es biling\u00fce ingl\u00e9s\/espa\u00f1ol y representa a la comunidad a la que servimos.  <\/strong>  Haga clic en un enlace para comunicarse con el coordinador de ese programa.  <\/p>\n\n\n\n<div class=\"wp-block-group is-nowrap is-layout-flex wp-container-core-group-is-layout-6c531013 wp-block-group-is-layout-flex\">\n<figure class=\"wp-block-image size-full is-resized\"><img loading=\"lazy\" decoding=\"async\" width=\"1280\" height=\"1188\" src=\"https:\/\/uneteoregon.org\/wp-content\/uploads\/2024\/01\/IMG_3497.jpg\" alt=\"\" class=\"wp-image-1985\" style=\"aspect-ratio:1;object-fit:cover;width:400px\" srcset=\"https:\/\/uneteoregon.org\/wp-content\/uploads\/2024\/01\/IMG_3497.jpg 1280w, https:\/\/uneteoregon.org\/wp-content\/uploads\/2024\/01\/IMG_3497-300x278.jpg 300w, https:\/\/uneteoregon.org\/wp-content\/uploads\/2024\/01\/IMG_3497-1024x950.jpg 1024w, https:\/\/uneteoregon.org\/wp-content\/uploads\/2024\/01\/IMG_3497-768x713.jpg 768w, https:\/\/uneteoregon.org\/wp-content\/uploads\/2024\/01\/IMG_3497-13x12.jpg 13w, https:\/\/uneteoregon.org\/wp-content\/uploads\/2024\/01\/IMG_3497-600x557.jpg 600w\" sizes=\"auto, (max-width: 1280px) 100vw, 1280px\" \/><\/figure>\n\n\n\n<figure class=\"wp-block-image size-full is-resized\"><img loading=\"lazy\" decoding=\"async\" width=\"720\" height=\"1280\" src=\"https:\/\/uneteoregon.org\/wp-content\/uploads\/2024\/01\/IMG_3496-rotated.jpg\" alt=\"\" class=\"wp-image-1986\" style=\"aspect-ratio:1;object-fit:cover;width:400px\" srcset=\"https:\/\/uneteoregon.org\/wp-content\/uploads\/2024\/01\/IMG_3496-rotated.jpg 720w, https:\/\/uneteoregon.org\/wp-content\/uploads\/2024\/01\/IMG_3496-169x300.jpg 169w, https:\/\/uneteoregon.org\/wp-content\/uploads\/2024\/01\/IMG_3496-576x1024.jpg 576w, https:\/\/uneteoregon.org\/wp-content\/uploads\/2024\/01\/IMG_3496-7x12.jpg 7w, https:\/\/uneteoregon.org\/wp-content\/uploads\/2024\/01\/IMG_3496-600x1067.jpg 600w\" sizes=\"auto, (max-width: 720px) 100vw, 720px\" \/><\/figure>\n<\/div>\n\n\n\n<p><a href=\"mailto:da**@*********on.org\" data-original-string=\"i5xyAhgUKeU6fuzx+UY+Kw==8c9Y3j9yAAGs5vdVp5m42V+sf9D9G+xlYt44RPI3u6G2Nc=\" title=\"Este contacto ha sido codificado por Anti-Spam de CleanTalk. Haga clic para decodificar. Para finalizar la decodificaci\u00f3n, aseg\u00farese de que JavaScript est\u00e9 habilitado en su navegador.\" data-type=\"mailto\" data-id=\"mailto:da**@*********on.org\">Director Dagoberto Morales<\/a><\/p>\n\n\n\n<p><a href=\"mailto:ka***@*********on.org\" data-original-string=\"\/LN08SJYQUMz2wSpfX64NQ==8c9otrhJuAGhY9zyTxo6b0VhHNluDSx7CgvByTxLpRorxM=\" title=\"Este contacto ha sido codificado por Anti-Spam de CleanTalk. Haga clic para decodificar. Para finalizar la decodificaci\u00f3n, aseg\u00farese de que JavaScript est\u00e9 habilitado en su navegador.\">Coordinadora del programa Kathy Keesee<\/a><\/p>\n\n\n\n<p><a href=\"mailto:Sh******@*********on.org\" data-original-string=\"8JlcL1UtOHa25nOWW+vMGA==8c9ZOJBzOTbiEnqHwLh\/PuqexGUL0tM8exVjp\/qa\/4U5L4=\" title=\"Este contacto ha sido codificado por Anti-Spam de CleanTalk. Haga clic para decodificar. Para finalizar la decodificaci\u00f3n, aseg\u00farese de que JavaScript est\u00e9 habilitado en su navegador.\" data-type=\"mailto\" data-id=\"mailto:Sh******@*********on.org\">Asistencia del Plan de Salud de Oreg\u00f3n<\/a><\/p>\n\n\n\n<p><a href=\"mailto:El**@*********on.org\" data-original-string=\"bxfETWFjuC9RoJPimLo\/Dw==8c9xmse7Y6FUqm\/GQG7t1RegPUeAqcV1ColRHu9q5p3rOM=\" title=\"Este contacto ha sido codificado por Anti-Spam de CleanTalk. Haga clic para decodificar. Para finalizar la decodificaci\u00f3n, aseg\u00farese de que JavaScript est\u00e9 habilitado en su navegador.\" data-type=\"mailto\" data-id=\"mailto:El**@*********on.org\">Asistencia del mercado de seguros m\u00e9dicos de Oreg\u00f3n<\/a><\/p>\n\n\n\n<p><a href=\"mailto:ja*****@*********on.org\" data-original-string=\"vS8dW3fCoRL6sbeNoO2i3A==8c9yLAsENzEHrEeGCHrrFRhYSUukIjlH3kKFZUS8WiN29g=\" title=\"Este contacto ha sido codificado por Anti-Spam de CleanTalk. Haga clic para decodificar. Para finalizar la decodificaci\u00f3n, aseg\u00farese de que JavaScript est\u00e9 habilitado en su navegador.\" data-type=\"mailto\" data-id=\"mailto:ja*****@*********on.org\">Especialista en recursos<\/a><\/p>\n\n\n\n<p><a href=\"mailto:iv****@*********on.org\" data-original-string=\"HGlscvTCq5qe+UhN7ZaUbw==8c9G+KreRkOKRcDbrVdkkVWyyJLrJ6hIXTixExTuE9UxhY=\" title=\"Este contacto ha sido codificado por Anti-Spam de CleanTalk. Haga clic para decodificar. Para finalizar la decodificaci\u00f3n, aseg\u00farese de que JavaScript est\u00e9 habilitado en su navegador.\" data-type=\"mailto\" data-id=\"mailto:iv****@*********on.org\">Familias Especiales Especialista en Apoyo Familiar<\/a><\/p>\n\n\n\n<p><a href=\"Mailto:<span                 data-original-string='IFXTDNgmZdrWcq1fxJCj1w==8c9dw7z8KkLspVhPFt5FwZd6sSXl9o+9Y3GkkXXucPphTc='                class='apbct-email-encoder'                title='This contact has been encoded by Anti-Spam by CleanTalk. Click to decode. To finish the decoding make sure that JavaScript is enabled in your browser.'>da<span class=\"apbct-blur\">**<\/span>@<span class=\"apbct-blur\">*********<\/span>on.org<\/span>\u201d tipo-datos=\u201dURL\u201d id-datos=\u201dMailto:<span \n                data-original-string='OBg5hpP3P29k8oyjB4ESLw==8c9oqnKmlLHhMc0afn7sdmZ6HpiAaKpLqTXaknIQotzZhc='\n                class='apbct-email-encoder'\n                title='Este contacto ha sido codificado por Anti-Spam de CleanTalk. Haga clic para decodificar. Para finalizar la decodificaci\u00f3n, aseg\u00farese de que JavaScript est\u00e9 habilitado en su navegador.'>Ni<span class=\"apbct-blur\">**<\/span>@<span class=\"apbct-blur\">*********<\/span>on.org<\/span>\u201c&gt;Alcance para trabajadores agr\u00edcolas<\/a><\/p>\n\n\n\n<p><a href=\"mailto:st*******@*********on.org\" data-original-string=\"+LiuqzvKxAiA8YiJB0GbKg==8c9NtpSqV9DIEJ0hoJPJKXk+c7QMQeKlGQoo5bkbNMP1I4=\" title=\"Este contacto ha sido codificado por Anti-Spam de CleanTalk. Haga clic para decodificar. Para finalizar la decodificaci\u00f3n, aseg\u00farese de que JavaScript est\u00e9 habilitado en su navegador.\" data-type=\"mailto\" data-id=\"mailto:\">Coordinador de Educaci\u00f3n<\/a><\/p>\n\n\n\n<p><a href=\"mailto:in**@*********on.org\" data-original-string=\"BYcAN5\/V4cWSDWD\/+GbW2g==8c96psLzrhRdXVqLM6eq4J44cPB2D5G6Iy0Xee2ffkaL0c=\" title=\"Este contacto ha sido codificado por Anti-Spam de CleanTalk. Haga clic para decodificar. Para finalizar la decodificaci\u00f3n, aseg\u00farese de que JavaScript est\u00e9 habilitado en su navegador.\">Asistencia del programa HARP<\/a><\/p>","protected":false},"excerpt":{"rendered":"<p>Unete has a DREAM Team! All our staff is bilingual English\/Spanish and represent the community [&hellip;]<\/p>\n","protected":false},"author":2,"featured_media":0,"parent":0,"menu_order":0,"comment_status":"closed","ping_status":"closed","template":"","meta":{"_exactmetrics_skip_tracking":false,"_exactmetrics_sitenote_active":false,"_exactmetrics_sitenote_note":"","_exactmetrics_sitenote_category":0,"footnotes":""},"class_list":["post-1744","page","type-page","status-publish","hentry"],"jetpack_sharing_enabled":true,"_links":{"self":[{"href":"https:\/\/uneteoregon.org\/es\/wp-json\/wp\/v2\/pages\/1744","targetHints":{"allow":["GET"]}}],"collection":[{"href":"https:\/\/uneteoregon.org\/es\/wp-json\/wp\/v2\/pages"}],"about":[{"href":"https:\/\/uneteoregon.org\/es\/wp-json\/wp\/v2\/types\/page"}],"author":[{"embeddable":true,"href":"https:\/\/uneteoregon.org\/es\/wp-json\/wp\/v2\/users\/2"}],"replies":[{"embeddable":true,"href":"https:\/\/uneteoregon.org\/es\/wp-json\/wp\/v2\/comments?post=1744"}],"version-history":[{"count":9,"href":"https:\/\/uneteoregon.org\/es\/wp-json\/wp\/v2\/pages\/1744\/revisions"}],"predecessor-version":[{"id":2217,"href":"https:\/\/uneteoregon.org\/es\/wp-json\/wp\/v2\/pages\/1744\/revisions\/2217"}],"wp:attachment":[{"href":"https:\/\/uneteoregon.org\/es\/wp-json\/wp\/v2\/media?parent=1744"}],"curies":[{"name":"gracias","href":"https:\/\/api.w.org\/{rel}","templated":true}]}}