{"id":1736,"date":"2023-01-14T10:19:54","date_gmt":"2023-01-14T18:19:54","guid":{"rendered":"https:\/\/uneteoregon.org\/?page_id=1736"},"modified":"2024-01-22T23:24:47","modified_gmt":"2024-01-23T07:24:47","slug":"resource-navigation","status":"publish","type":"page","link":"https:\/\/uneteoregon.org\/es\/resource-navigation\/","title":{"rendered":"Navegaci\u00f3n de recursos"},"content":{"rendered":"<p class=\"has-vivid-red-color has-text-color has-big-font-size\"><strong>Aqu\u00ed hay algunos recursos que podemos ayudar a proporcionar. Solo ll\u00e1menos para una admisi\u00f3n. 541-245-1625<\/strong>  <\/p>\n\n\n\n<p class=\"has-dark-blue-color has-text-color has-normal-font-size\"><strong>Asistencia del Plan de Salud de Oreg\u00f3n<\/strong> \u2013 Solicitantes por primera vez, renovaciones, informes de cambios, servicios de navegaci\u00f3n de salud. \u00a1Llama para ver si calificas!      <\/p>\n\n\n\n<p class=\"has-foreground-color has-text-color has-normal-font-size\"><strong>Mercado de Seguros M\u00e9dicos de Oreg\u00f3n<\/strong>   \u00bfLos ingresos excesivos del Plan de salud de Oreg\u00f3n o su residencia no le permiten calificar para la cobertura? Llamanos. Si ha tenido un evento calificado como perder la cobertura provista por su empleador, planes de salud para estudiantes, cambios en el hogar como tener un beb\u00e9 o la muerte de un familiar, y est\u00e1 fuera del per\u00edodo de inscripci\u00f3n abierta anual, inf\u00f3rmenos Podemos ayudarlo a trav\u00e9s de el proceso.   <\/p>\n\n\n\n<p class=\"has-foreground-color has-text-color has-normal-font-size\"><strong>Proyecto de Resiliencia de Trabajadores de Cannabis <\/strong>  \u00bfEst\u00e1 empleado en la industria del cannabis ilegal\/legal? \u00bfHa experimentado p\u00e9rdida de salario, condiciones de vida y de trabajo inseguras, trata de personas, obligado a trabajar largas horas y sin permiso para abandonar el sitio de cultivo? Nuestro proyecto de resiliencia de los trabajadores podr\u00eda ser de ayuda. Podemos proporcionar alojamiento y alimentos temporales, referencias para servicios legales, servicios de asesoramiento sobre salud mental, reclamos salariales, algunos gastos de viaje y reemplazo de documentos. Tambi\u00e9n existe la posibilidad de beneficios migratorios para v\u00edctimas de trata de personas.  <\/p>\n\n\n\n<p class=\"has-foreground-color has-text-color has-normal-font-size\"> <strong>Despensa de alimentos<\/strong>  Tenemos una despensa de alimentos para familias que necesitan alimentos adicionales para alimentar a sus familias. Tambi\u00e9n hay ropa gratis disponible.<\/p>\n\n\n\n<p class=\"has-foreground-color has-text-color has-normal-font-size\"><strong>Alojamiento temporal <\/strong> Si se encuentra en una emergencia de vivienda y no tiene ad\u00f3nde ir, es posible que podamos alojarlo temporalmente. Esta es una vivienda a muy corto plazo.   <\/p>\n\n\n\n<p class=\"has-foreground-color has-text-color has-normal-font-size\"><\/p>\n\n\n\n<p class=\"has-vivid-red-background-color has-background\"><\/p>","protected":false},"excerpt":{"rendered":"<p>Here are some resources we can help provide. Just give us a call for an [&hellip;]<\/p>\n","protected":false},"author":2,"featured_media":0,"parent":0,"menu_order":0,"comment_status":"closed","ping_status":"closed","template":"","meta":{"_exactmetrics_skip_tracking":false,"_exactmetrics_sitenote_active":false,"_exactmetrics_sitenote_note":"","_exactmetrics_sitenote_category":0,"footnotes":""},"class_list":["post-1736","page","type-page","status-publish","hentry"],"jetpack_sharing_enabled":true,"_links":{"self":[{"href":"https:\/\/uneteoregon.org\/es\/wp-json\/wp\/v2\/pages\/1736","targetHints":{"allow":["GET"]}}],"collection":[{"href":"https:\/\/uneteoregon.org\/es\/wp-json\/wp\/v2\/pages"}],"about":[{"href":"https:\/\/uneteoregon.org\/es\/wp-json\/wp\/v2\/types\/page"}],"author":[{"embeddable":true,"href":"https:\/\/uneteoregon.org\/es\/wp-json\/wp\/v2\/users\/2"}],"replies":[{"embeddable":true,"href":"https:\/\/uneteoregon.org\/es\/wp-json\/wp\/v2\/comments?post=1736"}],"version-history":[{"count":3,"href":"https:\/\/uneteoregon.org\/es\/wp-json\/wp\/v2\/pages\/1736\/revisions"}],"predecessor-version":[{"id":2015,"href":"https:\/\/uneteoregon.org\/es\/wp-json\/wp\/v2\/pages\/1736\/revisions\/2015"}],"wp:attachment":[{"href":"https:\/\/uneteoregon.org\/es\/wp-json\/wp\/v2\/media?parent=1736"}],"curies":[{"name":"gracias","href":"https:\/\/api.w.org\/{rel}","templated":true}]}}