{"id":1527,"date":"2022-09-12T09:19:53","date_gmt":"2022-09-12T16:19:53","guid":{"rendered":"https:\/\/uneteoregon.org\/?page_id=1527"},"modified":"2022-09-20T15:18:04","modified_gmt":"2022-09-20T22:18:04","slug":"proyecto-de-recuperacion-para-trabajadores-de-la-marijuana-y-el-canamo","status":"publish","type":"page","link":"https:\/\/uneteoregon.org\/es\/proyecto-de-recuperacion-para-trabajadores-de-la-marijuana-y-el-canamo\/","title":{"rendered":"Proyecto de recuperaci\u00f3n para trabajadores de la marihuana y el ca\u00f1amo"},"content":{"rendered":"<figure class=\"wp-block-image size-large\"><img loading=\"lazy\" decoding=\"async\" width=\"791\" height=\"1024\" src=\"https:\/\/uneteoregon.org\/wp-content\/uploads\/2022\/09\/CWRP-Spanish-10-791x1024.png\" alt=\"CWRP-Spanish\" class=\"wp-image-1544\" srcset=\"https:\/\/uneteoregon.org\/wp-content\/uploads\/2022\/09\/CWRP-Spanish-10-791x1024.png 791w, https:\/\/uneteoregon.org\/wp-content\/uploads\/2022\/09\/CWRP-Spanish-10-600x777.png 600w, https:\/\/uneteoregon.org\/wp-content\/uploads\/2022\/09\/CWRP-Spanish-10-232x300.png 232w, https:\/\/uneteoregon.org\/wp-content\/uploads\/2022\/09\/CWRP-Spanish-10-768x994.png 768w, https:\/\/uneteoregon.org\/wp-content\/uploads\/2022\/09\/CWRP-Spanish-10-1187x1536.png 1187w, https:\/\/uneteoregon.org\/wp-content\/uploads\/2022\/09\/CWRP-Spanish-10-9x12.png 9w, https:\/\/uneteoregon.org\/wp-content\/uploads\/2022\/09\/CWRP-Spanish-10-1320x1709.png 1320w, https:\/\/uneteoregon.org\/wp-content\/uploads\/2022\/09\/CWRP-Spanish-10.png 1545w\" sizes=\"auto, (max-width: 791px) 100vw, 791px\" \/><\/figure>\n\n\n\n<figure class=\"wp-block-image size-large\"><img loading=\"lazy\" decoding=\"async\" width=\"791\" height=\"1024\" src=\"https:\/\/uneteoregon.org\/wp-content\/uploads\/2022\/09\/CWRP-English-6-791x1024.png\" alt=\"CWRP English\" class=\"wp-image-1546\" srcset=\"https:\/\/uneteoregon.org\/wp-content\/uploads\/2022\/09\/CWRP-English-6-791x1024.png 791w, https:\/\/uneteoregon.org\/wp-content\/uploads\/2022\/09\/CWRP-English-6-600x777.png 600w, https:\/\/uneteoregon.org\/wp-content\/uploads\/2022\/09\/CWRP-English-6-232x300.png 232w, https:\/\/uneteoregon.org\/wp-content\/uploads\/2022\/09\/CWRP-English-6-768x994.png 768w, https:\/\/uneteoregon.org\/wp-content\/uploads\/2022\/09\/CWRP-English-6-1187x1536.png 1187w, https:\/\/uneteoregon.org\/wp-content\/uploads\/2022\/09\/CWRP-English-6-9x12.png 9w, https:\/\/uneteoregon.org\/wp-content\/uploads\/2022\/09\/CWRP-English-6-1320x1709.png 1320w, https:\/\/uneteoregon.org\/wp-content\/uploads\/2022\/09\/CWRP-English-6.png 1545w\" sizes=\"auto, (max-width: 791px) 100vw, 791px\" \/><\/figure>\n\n\n\n<p>Si en su lugar de trabajo relacionado con la producci\u00f3n de marihuana o c\u00e1\u00f1amo se vio afectado recientemente por una redada policial, es posible que sea elegible para recibir ayuda.&nbsp;&nbsp;<\/p>\n\n\n\n<p>Si trabaja en la industria del cannabis y su lugar de trabajo se vio afectado recientemente por una redada policial, puede ser elegible para recibir ayuda.&nbsp;<\/p>\n\n\n\n<p>Para m\u00e1s informaci\u00f3n comun\u00edquese al 541-245-1625.<\/p>\n\n\n\n<p>Para m\u00e1s informaci\u00f3n comun\u00edquese al 541-245-1625.<\/p>","protected":false},"excerpt":{"rendered":"<p>Si en su lugar de trabajo relacionado con la producci\u00f3n de marihuana o c\u00e1\u00f1amo se vio [\u2026]<\/p>","protected":false},"author":2,"featured_media":1544,"parent":0,"menu_order":0,"comment_status":"closed","ping_status":"closed","template":"","meta":{"_exactmetrics_skip_tracking":false,"_exactmetrics_sitenote_active":false,"_exactmetrics_sitenote_note":"","_exactmetrics_sitenote_category":0,"footnotes":""},"class_list":["post-1527","page","type-page","status-publish","has-post-thumbnail","hentry"],"jetpack_sharing_enabled":true,"_links":{"self":[{"href":"https:\/\/uneteoregon.org\/es\/wp-json\/wp\/v2\/pages\/1527","targetHints":{"allow":["GET"]}}],"collection":[{"href":"https:\/\/uneteoregon.org\/es\/wp-json\/wp\/v2\/pages"}],"about":[{"href":"https:\/\/uneteoregon.org\/es\/wp-json\/wp\/v2\/types\/page"}],"author":[{"embeddable":true,"href":"https:\/\/uneteoregon.org\/es\/wp-json\/wp\/v2\/users\/2"}],"replies":[{"embeddable":true,"href":"https:\/\/uneteoregon.org\/es\/wp-json\/wp\/v2\/comments?post=1527"}],"version-history":[{"count":6,"href":"https:\/\/uneteoregon.org\/es\/wp-json\/wp\/v2\/pages\/1527\/revisions"}],"predecessor-version":[{"id":1552,"href":"https:\/\/uneteoregon.org\/es\/wp-json\/wp\/v2\/pages\/1527\/revisions\/1552"}],"wp:featuredmedia":[{"embeddable":true,"href":"https:\/\/uneteoregon.org\/es\/wp-json\/wp\/v2\/media\/1544"}],"wp:attachment":[{"href":"https:\/\/uneteoregon.org\/es\/wp-json\/wp\/v2\/media?parent=1527"}],"curies":[{"name":"gracias","href":"https:\/\/api.w.org\/{rel}","templated":true}]}}