{"id":12,"date":"2016-01-15T19:44:44","date_gmt":"2016-01-15T19:44:44","guid":{"rendered":"http:\/\/uneteoregon.org\/?page_id=12"},"modified":"2023-03-27T11:19:06","modified_gmt":"2023-03-27T18:19:06","slug":"donate","status":"publish","type":"page","link":"https:\/\/uneteoregon.org\/es\/donate\/","title":{"rendered":"Donate \/ Donar"},"content":{"rendered":"<figure class=\"wp-block-image aligncenter\"><img loading=\"lazy\" decoding=\"async\" width=\"300\" height=\"225\" src=\"http:\/\/uneteoregon.org\/wp-content\/uploads\/2016\/01\/DSC04219-300x225.jpg\" alt=\"\" class=\"wp-image-176\" srcset=\"https:\/\/uneteoregon.org\/wp-content\/uploads\/2016\/01\/DSC04219-300x225.jpg 300w, https:\/\/uneteoregon.org\/wp-content\/uploads\/2016\/01\/DSC04219-scaled-600x450.jpg 600w, https:\/\/uneteoregon.org\/wp-content\/uploads\/2016\/01\/DSC04219-768x576.jpg 768w, https:\/\/uneteoregon.org\/wp-content\/uploads\/2016\/01\/DSC04219-1024x768.jpg 1024w\" sizes=\"auto, (max-width: 300px) 100vw, 300px\" \/><\/figure>\n\n\n\n<form action=\"https:\/\/www.paypal.com\/cgi-bin\/webscr\" method=\"post\" target=\"_top\"><input name=\"cmd\" type=\"hidden\" value=\"_s-xclick\"><br><input name=\"hosted_button_id\" type=\"hidden\" value=\"CV87RWXT3DQL8\"><br><input alt=\"PayPal - The safer, easier way to pay online!\" name=\"submit\" src=\"https:\/\/www.paypalobjects.com\/en_US\/i\/btn\/btn_donateCC_LG.gif\" type=\"image\"><br><img loading=\"lazy\" decoding=\"async\" src=\"https:\/\/www.paypalobjects.com\/en_US\/i\/scr\/pixel.gif\" alt=\"\" width=\"1\" height=\"1\" border=\"0\"><\/form>\n\n\n\n<p>\u00danete, Center for Farm Worker and Immigrant Advocacy ha estado sirviendo a nuestra comunidad durante m\u00e1s de 25 a\u00f1os en la zona rural del sur de Oregon. Su apoyo nos ayudar\u00e1 a continuar construyendo poder y ayudar a proporcionar alimentos y otros elementos esenciales para nuestros hermanos y hermanas trabajadores agr\u00edcolas. El a\u00f1o pasado, 2021, fue un a\u00f1o dif\u00edcil en el sur de Oregon debido a COVID, el impacto de los incendios y una sequ\u00eda extrema que desplaz\u00f3 a muchos trabajadores.&nbsp;<\/p>\n\n\n\n<p>Hemos estado recibiendo m\u00e1s solicitudes de lo habitual para asistencia de emergencia con alimentos, gas, alquiler y servicios p\u00fablicos. Anticipamos que la necesidad seguir\u00e1 creciendo a medida que aumente el alquiler y se vuelva m\u00e1s dif\u00edcil encontrar trabajo. &nbsp;<\/p>\n\n\n\n<p>Tu donaci\u00f3n de cualquier monto nos ayudar\u00e1 a alimentar a quienes producen alimentos en nuestro pa\u00eds. Considere una donaci\u00f3n mensual para ayudar a construir nuestro fondo &quot;Alimente a quienes nos alimentan&quot;.<\/p>\n\n\n\n<p>Gracias desde el fondo de nuestros corazones.&nbsp;<\/p>\n\n\n\n<p>\u00danete, Centro de los Campesinos e inmigrantes ha estado sirviendo a nuestra comunidad por m\u00e1s de 25 a\u00f1os en el sur de Oregon. Su apoyo nos ayudar\u00e1 a continuar fomentando el poder y ayudar a nuestros alimentos y aseo personal para hermanos y hermanas, los inmigrantes y los trabajadores agr\u00edcolas. El a\u00f1o pasado, 2021, fue un a\u00f1o dif\u00edcil en el sur de Oregon por el COVID, el impacto de los incendios y la sequ\u00eda extrema que desplaz\u00f3 a muchos trabajadores.<\/p>\n\n\n\n<p>Hemos estado recibiendo m\u00e1s peticiones de lo normal para ayuda de emergencia con alimentos, gasolina, renta y servicios p\u00fablicos. Anticipamos que la necesidad seguir\u00e1 creciendo por el alto costo de renta y la dificultad de encontrar trabajo fijo.<\/p>\n\n\n\n<p>Su donaci\u00f3n de cualquier monto nos ayudar\u00e1 a proporcionar comida a quienes cultivan los alimentos en nuestro pa\u00eds. Considere una donaci\u00f3n mensual para ayudar a crecer nuestro fondo \u201cAlimenta a quienes nos alimentan\u201d.<\/p>\n\n\n\n<p>Gracias desde el fondo de nuestros corazones.<\/p>\n\n\n\n<form action=\"https:\/\/www.paypal.com\/cgi-bin\/webscr\" method=\"post\" target=\"_top\"><input name=\"cmd\" type=\"hidden\" value=\"_s-xclick\"><br><input name=\"hosted_button_id\" type=\"hidden\" value=\"CV87RWXT3DQL8\"><br><input alt=\"PayPal - The safer, easier way to pay online!\" name=\"submit\" src=\"https:\/\/www.paypalobjects.com\/en_US\/i\/btn\/btn_donateCC_LG.gif\" type=\"image\"><br><img loading=\"lazy\" decoding=\"async\" src=\"https:\/\/www.paypalobjects.com\/en_US\/i\/scr\/pixel.gif\" alt=\"\" width=\"1\" height=\"1\" border=\"0\"><\/form>","protected":false},"excerpt":{"rendered":"<p>\u00danete, Center for Farm Worker and Immigrant Advocacy ha estado sirviendo a nuestra comunidad por m\u00e1s de [\u2026]<\/p>","protected":false},"author":2,"featured_media":0,"parent":0,"menu_order":0,"comment_status":"closed","ping_status":"closed","template":"","meta":{"_exactmetrics_skip_tracking":false,"_exactmetrics_sitenote_active":false,"_exactmetrics_sitenote_note":"","_exactmetrics_sitenote_category":0,"footnotes":""},"class_list":["post-12","page","type-page","status-publish","hentry"],"jetpack_sharing_enabled":true,"_links":{"self":[{"href":"https:\/\/uneteoregon.org\/es\/wp-json\/wp\/v2\/pages\/12","targetHints":{"allow":["GET"]}}],"collection":[{"href":"https:\/\/uneteoregon.org\/es\/wp-json\/wp\/v2\/pages"}],"about":[{"href":"https:\/\/uneteoregon.org\/es\/wp-json\/wp\/v2\/types\/page"}],"author":[{"embeddable":true,"href":"https:\/\/uneteoregon.org\/es\/wp-json\/wp\/v2\/users\/2"}],"replies":[{"embeddable":true,"href":"https:\/\/uneteoregon.org\/es\/wp-json\/wp\/v2\/comments?post=12"}],"version-history":[{"count":20,"href":"https:\/\/uneteoregon.org\/es\/wp-json\/wp\/v2\/pages\/12\/revisions"}],"predecessor-version":[{"id":1833,"href":"https:\/\/uneteoregon.org\/es\/wp-json\/wp\/v2\/pages\/12\/revisions\/1833"}],"wp:attachment":[{"href":"https:\/\/uneteoregon.org\/es\/wp-json\/wp\/v2\/media?parent=12"}],"curies":[{"name":"gracias","href":"https:\/\/api.w.org\/{rel}","templated":true}]}}